{"id":393,"date":"2020-02-18T14:03:02","date_gmt":"2020-02-18T13:03:02","guid":{"rendered":"http:\/\/bizix.premiumthemes.in\/?page_id=393"},"modified":"2021-03-21T16:46:46","modified_gmt":"2021-03-21T15:46:46","slug":"reseaux-informatiques","status":"publish","type":"page","link":"https:\/\/www.arelec.tn\/en\/reseaux-informatiques\/","title":{"rendered":"R\u00e9seaux informatiques"},"content":{"rendered":"<div data-elementor-type=\"wp-page\" data-elementor-id=\"393\" class=\"elementor elementor-393\" data-elementor-settings=\"[]\">\n\t\t\t\t\t\t\t<div class=\"elementor-section-wrap\">\n\t\t\t\t\t\t\t<section class=\"elementor-section elementor-top-section elementor-element elementor-element-5fbbfe66 elementor-section-stretched elementor-section-boxed elementor-section-height-default elementor-section-height-default\" data-id=\"5fbbfe66\" data-element_type=\"section\" data-settings=\"{&quot;stretch_section&quot;:&quot;section-stretched&quot;}\">\n\t\t\t\t\t\t<div class=\"elementor-container elementor-column-gap-no\">\n\t\t\t\t\t<div class=\"elementor-column elementor-col-66 elementor-top-column elementor-element elementor-element-49d7281\" data-id=\"49d7281\" data-element_type=\"column\">\n\t\t\t<div class=\"elementor-widget-wrap elementor-element-populated\">\n\t\t\t\t\t\t\t\t<section class=\"elementor-section elementor-inner-section elementor-element elementor-element-18582890 elementor-section-boxed elementor-section-height-default elementor-section-height-default\" data-id=\"18582890\" data-element_type=\"section\">\n\t\t\t\t\t\t<div class=\"elementor-container elementor-column-gap-no\">\n\t\t\t\t\t<div class=\"elementor-column elementor-col-100 elementor-inner-column elementor-element elementor-element-2de1964a\" data-id=\"2de1964a\" data-element_type=\"column\">\n\t\t\t<div class=\"elementor-widget-wrap elementor-element-populated\">\n\t\t\t\t\t\t\t\t<div class=\"elementor-element elementor-element-2da08740 gyan-title-st-line-after gyan-title-desc-left elementor-widget elementor-widget-gyan_title\" data-id=\"2da08740\" data-element_type=\"widget\" data-widget_type=\"gyan_title.default\">\n\t\t\t\t<div class=\"elementor-widget-container\">\n\t\t\t\t\t<div class=\"gyan-title\">\r\n\t\t\t<div class=\"gyan-title-subtitle\"><span>Arelec<\/span><\/div><h2 class=\"gyan-title-heading\">Installation et Maintenance de structures de communication pour l\u2019industrie<\/h2><div class=\"gyan-title-desc\">ARELEC s\u2019est perfectionn\u00e9 au fil des ann\u00e9es dans l\u2019installation de r\u00e9seaux informatiques. Gr\u00e2ce \u00e0 notre performance et \u00e0 notre engagement, nous avons accompagn\u00e9 une vaste client\u00e8le en Tunisie tels que TPS (Tunisie Plastique Syst\u00e8me, IPS (Injection Plastique Syst\u00e8me) Hutchinson Tunisie et SERAF. Arelec vous propose une installation de c\u00e2blage de r\u00e9seau informatique de fiable et rapide  pour tout type de b\u00e2timent et ce dans une armoire informatique. <br>\nNous avons \u00e9galement \u00e0 votre disposition un service de Maintenance 24h\/24h pour satisfaire vos demandes!<\/div>\t\t<\/div>\r\n\t\t\t\t<\/div>\n\t\t\t\t<\/div>\n\t\t\t\t\t<\/div>\n\t\t<\/div>\n\t\t\t\t\t\t\t<\/div>\n\t\t<\/section>\n\t\t\t\t<section class=\"elementor-section elementor-inner-section elementor-element elementor-element-fe26263 elementor-section-boxed elementor-section-height-default elementor-section-height-default\" data-id=\"fe26263\" data-element_type=\"section\">\n\t\t\t\t\t\t<div class=\"elementor-container elementor-column-gap-no\">\n\t\t\t\t\t<div class=\"elementor-column elementor-col-50 elementor-inner-column elementor-element elementor-element-64c5738f\" data-id=\"64c5738f\" data-element_type=\"column\">\n\t\t\t<div class=\"elementor-widget-wrap elementor-element-populated\">\n\t\t\t\t\t\t\t\t<div class=\"elementor-element elementor-element-7b30b1fc elementor-widget elementor-widget-image\" data-id=\"7b30b1fc\" data-element_type=\"widget\" data-widget_type=\"image.default\">\n\t\t\t\t<div class=\"elementor-widget-container\">\n\t\t\t\t\t<div class=\"elementor-image\">\n\t\t\t\t\t\t\t\t\t\t<img width=\"707\" height=\"936\" src=\"https:\/\/www.arelec.tn\/wp-content\/uploads\/2021\/02\/Reseaux-informatique-arelec.jpg\" class=\"attachment-large size-large\" alt=\"\" loading=\"lazy\" srcset=\"https:\/\/www.arelec.tn\/wp-content\/uploads\/2021\/02\/Reseaux-informatique-arelec.jpg 707w, https:\/\/www.arelec.tn\/wp-content\/uploads\/2021\/02\/Reseaux-informatique-arelec-227x300.jpg 227w\" sizes=\"(max-width: 707px) 100vw, 707px\" \/>\t\t\t\t\t\t\t\t\t\t\t<\/div>\n\t\t\t\t<\/div>\n\t\t\t\t<\/div>\n\t\t\t\t\t<\/div>\n\t\t<\/div>\n\t\t\t\t<div class=\"elementor-column elementor-col-50 elementor-inner-column elementor-element elementor-element-127b1bcb\" data-id=\"127b1bcb\" data-element_type=\"column\">\n\t\t\t<div class=\"elementor-widget-wrap elementor-element-populated\">\n\t\t\t\t\t\t\t\t<div class=\"elementor-element elementor-element-79fe020d elementor-widget elementor-widget-image\" data-id=\"79fe020d\" data-element_type=\"widget\" data-widget_type=\"image.default\">\n\t\t\t\t<div class=\"elementor-widget-container\">\n\t\t\t\t\t<div class=\"elementor-image\">\n\t\t\t\t\t\t\t\t\t\t<img width=\"707\" height=\"707\" src=\"https:\/\/www.arelec.tn\/wp-content\/uploads\/2021\/02\/Informatique-Arelec.jpg\" class=\"attachment-large size-large\" alt=\"\" loading=\"lazy\" srcset=\"https:\/\/www.arelec.tn\/wp-content\/uploads\/2021\/02\/Informatique-Arelec.jpg 707w, https:\/\/www.arelec.tn\/wp-content\/uploads\/2021\/02\/Informatique-Arelec-300x300.jpg 300w, https:\/\/www.arelec.tn\/wp-content\/uploads\/2021\/02\/Informatique-Arelec-150x150.jpg 150w, https:\/\/www.arelec.tn\/wp-content\/uploads\/2021\/02\/Informatique-Arelec-90x90.jpg 90w, https:\/\/www.arelec.tn\/wp-content\/uploads\/2021\/02\/Informatique-Arelec-670x670.jpg 670w\" sizes=\"(max-width: 707px) 100vw, 707px\" \/>\t\t\t\t\t\t\t\t\t\t\t<\/div>\n\t\t\t\t<\/div>\n\t\t\t\t<\/div>\n\t\t\t\t\t<\/div>\n\t\t<\/div>\n\t\t\t\t\t\t\t<\/div>\n\t\t<\/section>\n\t\t\t\t<section class=\"elementor-section elementor-inner-section elementor-element elementor-element-65ba437 elementor-section-boxed elementor-section-height-default elementor-section-height-default\" data-id=\"65ba437\" data-element_type=\"section\">\n\t\t\t\t\t\t<div class=\"elementor-container elementor-column-gap-no\">\n\t\t\t\t\t<div class=\"elementor-column elementor-col-50 elementor-inner-column elementor-element elementor-element-ff5f5d8\" data-id=\"ff5f5d8\" data-element_type=\"column\" data-settings=\"{&quot;background_background&quot;:&quot;classic&quot;}\">\n\t\t\t<div class=\"elementor-widget-wrap elementor-element-populated\">\n\t\t\t\t\t\t\t\t<div class=\"elementor-element elementor-element-ddd8813 elementor-widget elementor-widget-image\" data-id=\"ddd8813\" data-element_type=\"widget\" data-widget_type=\"image.default\">\n\t\t\t\t<div class=\"elementor-widget-container\">\n\t\t\t\t\t<div class=\"elementor-image\">\n\t\t\t\t\t\t\t\t\t\t<img width=\"707\" height=\"305\" src=\"https:\/\/www.arelec.tn\/wp-content\/uploads\/2021\/02\/arelec-10.jpg\" class=\"attachment-large size-large\" alt=\"\" loading=\"lazy\" srcset=\"https:\/\/www.arelec.tn\/wp-content\/uploads\/2021\/02\/arelec-10.jpg 707w, https:\/\/www.arelec.tn\/wp-content\/uploads\/2021\/02\/arelec-10-300x129.jpg 300w\" sizes=\"(max-width: 707px) 100vw, 707px\" \/>\t\t\t\t\t\t\t\t\t\t\t<\/div>\n\t\t\t\t<\/div>\n\t\t\t\t<\/div>\n\t\t\t\t\t<\/div>\n\t\t<\/div>\n\t\t\t\t<div class=\"elementor-column elementor-col-50 elementor-inner-column elementor-element elementor-element-9b50653\" data-id=\"9b50653\" data-element_type=\"column\" data-settings=\"{&quot;background_background&quot;:&quot;classic&quot;}\">\n\t\t\t<div class=\"elementor-widget-wrap elementor-element-populated\">\n\t\t\t\t\t\t\t\t<div class=\"elementor-element elementor-element-75f6dc5 gyan-infobox-position-top gyan-infobox-center-no gyan-infobox-align-center gyan-hover-animation-none gyan-animation-box-fade elementor-widget elementor-widget-gyan_info_box\" data-id=\"75f6dc5\" data-element_type=\"widget\" data-widget_type=\"gyan_info_box.default\">\n\t\t\t\t<div class=\"elementor-widget-container\">\n\t\t\t\n\t\t<div class=\"gyan-info-box gyan-animation-box gyan-ease-transition\">\n\n\t\t\t\n\t\t\t\n\t\t\t\t<div class=\"gyan-infobox-icon-holder gyan-ease-transition\">\n\n\t\t\t\t\t\n\t\t\t\t\t\n\t\t\t\t\t\t\t\t\t\t\t<span class=\"gyan-infobox-icon gyan-icon gyan-ease-transition\"><\/span>\n\t\t\t\t\t\n\t\t\t\t\t\n\t\t\t\t\t\n\t\t\t\t<\/div>\n\n\t\t\t\n\t\t\t<div class=\"gyan-infobox-content-holder\">\n\n\t\t\t\t\n\t\t\t\t\t<h4 class=\"gyan-infobox-title gyan-ease-transition\">\n\t\t\t\t\t\t\t\t\t\t\t\tContactez un specialiste \t\t\t\t\t\t\t\t\t\t\t<\/h4>\n\n\t\t\t\t\n\t\t\t\t\n\t\t\t\t\n\t\t\t\t\t<div class=\"gyan-infobox-content gyan-ease-transition\">\n\t\t\t\t\t\t+216 73322064\t\t\t\t\t<\/div>\n\n\t\t\t\t\n\t\t\t\t\n\t\t\t\t<div class=\"clear\"><\/div>\n\t\t\t<\/div>\n\t\t<\/div>\n\t\t\t<\/div>\n\t\t\t\t<\/div>\n\t\t\t\t\t<\/div>\n\t\t<\/div>\n\t\t\t\t\t\t\t<\/div>\n\t\t<\/section>\n\t\t\t\t\t<\/div>\n\t\t<\/div>\n\t\t\t\t<div class=\"elementor-column elementor-col-33 elementor-top-column elementor-element elementor-element-56777b5f\" data-id=\"56777b5f\" data-element_type=\"column\">\n\t\t\t<div class=\"elementor-widget-wrap elementor-element-populated\">\n\t\t\t\t\t\t\t\t<section class=\"elementor-section elementor-inner-section elementor-element elementor-element-327f08cb elementor-section-boxed elementor-section-height-default elementor-section-height-default\" data-id=\"327f08cb\" data-element_type=\"section\">\n\t\t\t\t\t\t<div class=\"elementor-container elementor-column-gap-no\">\n\t\t\t\t\t<div class=\"elementor-column elementor-col-100 elementor-inner-column elementor-element elementor-element-74cb7a20\" data-id=\"74cb7a20\" data-element_type=\"column\">\n\t\t\t<div class=\"elementor-widget-wrap elementor-element-populated\">\n\t\t\t\t\t\t\t\t<div class=\"elementor-element elementor-element-37881dab gyan-menu-list-vertical elementor-widget elementor-widget-gyan_menu_list\" data-id=\"37881dab\" data-element_type=\"widget\" data-widget_type=\"gyan_menu_list.default\">\n\t\t\t\t<div class=\"elementor-widget-container\">\n\t\t\t<div class=\"gyan-menu-list\"><div class=\"menu-arelec-main-menu-container\"><ul id=\"menu-arelec-main-menu\" class=\"gyan-menu-list-item gyan-ease-transition\"><li id=\"menu-item-1951\" class=\"menu-item menu-item-type-post_type menu-item-object-page menu-item-home menu-item-1951\"><a href=\"https:\/\/www.arelec.tn\/en\/\">Accueil<\/a><\/li>\n<li id=\"menu-item-1953\" class=\"menu-item menu-item-type-post_type menu-item-object-page menu-item-1953\"><a href=\"https:\/\/www.arelec.tn\/en\/qui-somme-nous\/\">Qui sommes-nous<\/a><\/li>\n<li id=\"menu-item-1962\" class=\"menu-item menu-item-type-post_type menu-item-object-page menu-item-has-children menu-item-1962\"><a href=\"https:\/\/www.arelec.tn\/en\/services\/\">Services<\/a><\/li>\n<li id=\"menu-item-1956\" class=\"menu-item menu-item-type-post_type menu-item-object-page menu-item-1956\"><a href=\"https:\/\/www.arelec.tn\/en\/realisations\/\">R\u00e9alisations<\/a><\/li>\n<li id=\"menu-item-1954\" class=\"menu-item menu-item-type-post_type menu-item-object-page menu-item-1954\"><a href=\"https:\/\/www.arelec.tn\/en\/contact\/\">Contact<\/a><\/li>\n<\/ul><\/div><\/div>\t\t<\/div>\n\t\t\t\t<\/div>\n\t\t\t\t\t<\/div>\n\t\t<\/div>\n\t\t\t\t\t\t\t<\/div>\n\t\t<\/section>\n\t\t\t\t<section class=\"elementor-section elementor-inner-section elementor-element elementor-element-49de4849 elementor-section-boxed elementor-section-height-default elementor-section-height-default\" data-id=\"49de4849\" data-element_type=\"section\">\n\t\t\t\t\t\t<div class=\"elementor-container elementor-column-gap-default\">\n\t\t\t\t\t<div class=\"elementor-column elementor-col-100 elementor-inner-column elementor-element elementor-element-17447c5a\" data-id=\"17447c5a\" data-element_type=\"column\" data-settings=\"{&quot;background_background&quot;:&quot;classic&quot;}\">\n\t\t\t<div class=\"elementor-widget-wrap elementor-element-populated\">\n\t\t\t\t\t\t\t\t<div class=\"elementor-element elementor-element-4fe0463b gyan-infobox-position-top gyan-infobox-center-no gyan-infobox-align-center gyan-hover-animation-none gyan-animation-box-fade elementor-widget elementor-widget-gyan_info_box\" data-id=\"4fe0463b\" data-element_type=\"widget\" data-widget_type=\"gyan_info_box.default\">\n\t\t\t\t<div class=\"elementor-widget-container\">\n\t\t\t\n\t\t<div class=\"gyan-info-box gyan-animation-box gyan-ease-transition\">\n\n\t\t\t\n\t\t\t\n\t\t\t\t<div class=\"gyan-infobox-icon-holder gyan-ease-transition\">\n\n\t\t\t\t\t\n\t\t\t\t\t\n\t\t\t\t\t\n\t\t\t\t\t\t\t\t\t\t\t<span class=\"gyan-infobox-image\">\n\t\t\t\t\t\t\t<img width=\"53\" height=\"53\" src=\"https:\/\/www.arelec.tn\/wp-content\/uploads\/2020\/02\/icon-call.png\" class=\"attachment-full size-full\" alt=\"\" loading=\"lazy\" \/>\t\t\t\t\t\t<\/span>\n\t\t\t\t\t\n\t\t\t\t\t\n\t\t\t\t<\/div>\n\n\t\t\t\n\t\t\t<div class=\"gyan-infobox-content-holder\">\n\n\t\t\t\t\n\t\t\t\t\t<h4 class=\"gyan-infobox-title gyan-ease-transition\">\n\t\t\t\t\t\t\t\t\t\t\t\tBesoin d'un renseignement ?\t\t\t\t\t\t\t\t\t\t\t<\/h4>\n\n\t\t\t\t\n\t\t\t\t\n\t\t\t\t\n\t\t\t\t\t<h5 class=\"gyan-infobox-content gyan-ease-transition\">\n\t\t\t\t\t\t+216 73322137\t\t\t\t\t<\/h5>\n\n\t\t\t\t\n\t\t\t\t\n\t\t\t\t<div class=\"clear\"><\/div>\n\t\t\t<\/div>\n\t\t<\/div>\n\t\t\t<\/div>\n\t\t\t\t<\/div>\n\t\t\t\t<div class=\"elementor-element elementor-element-6ffc2c1c elementor-widget elementor-widget-heading\" data-id=\"6ffc2c1c\" data-element_type=\"widget\" data-widget_type=\"heading.default\">\n\t\t\t\t<div class=\"elementor-widget-container\">\n\t\t\t<h2 class=\"elementor-heading-title elementor-size-default\"><a href=\"mailto:info@arelec.tn\">info@arelec.tn<\/a><\/h2>\t\t<\/div>\n\t\t\t\t<\/div>\n\t\t\t\t\t<\/div>\n\t\t<\/div>\n\t\t\t\t\t\t\t<\/div>\n\t\t<\/section>\n\t\t\t\t\t<\/div>\n\t\t<\/div>\n\t\t\t\t\t\t\t<\/div>\n\t\t<\/section>\n\t\t\t\t\t\t<\/div>\n\t\t\t\t\t<\/div>","protected":false},"excerpt":{"rendered":"<p>Arelec Installation et Maintenance de structures de communication pour l\u2019industrie ARELEC s\u2019est perfectionn\u00e9 au fil des ann\u00e9es dans l\u2019installation de r\u00e9seaux informatiques. Gr\u00e2ce \u00e0 notre performance et \u00e0 notre engagement, nous avons accompagn\u00e9 une vaste client\u00e8le en Tunisie tels que TPS (Tunisie Plastique Syst\u00e8me, IPS (Injection Plastique Syst\u00e8me) Hutchinson Tunisie [&hellip;]<\/p>","protected":false},"author":1,"featured_media":0,"parent":0,"menu_order":0,"comment_status":"closed","ping_status":"closed","template":"elementor_header_footer","meta":[],"_links":{"self":[{"href":"https:\/\/www.arelec.tn\/en\/wp-json\/wp\/v2\/pages\/393"}],"collection":[{"href":"https:\/\/www.arelec.tn\/en\/wp-json\/wp\/v2\/pages"}],"about":[{"href":"https:\/\/www.arelec.tn\/en\/wp-json\/wp\/v2\/types\/page"}],"author":[{"embeddable":true,"href":"https:\/\/www.arelec.tn\/en\/wp-json\/wp\/v2\/users\/1"}],"replies":[{"embeddable":true,"href":"https:\/\/www.arelec.tn\/en\/wp-json\/wp\/v2\/comments?post=393"}],"version-history":[{"count":24,"href":"https:\/\/www.arelec.tn\/en\/wp-json\/wp\/v2\/pages\/393\/revisions"}],"predecessor-version":[{"id":2616,"href":"https:\/\/www.arelec.tn\/en\/wp-json\/wp\/v2\/pages\/393\/revisions\/2616"}],"wp:attachment":[{"href":"https:\/\/www.arelec.tn\/en\/wp-json\/wp\/v2\/media?parent=393"}],"curies":[{"name":"wp","href":"https:\/\/api.w.org\/{rel}","templated":true}]}}