{"id":1877,"date":"2020-04-17T11:20:17","date_gmt":"2020-04-17T09:20:17","guid":{"rendered":"http:\/\/bizix.premiumthemes.in\/?page_id=1877"},"modified":"2021-05-25T23:27:48","modified_gmt":"2021-05-25T21:27:48","slug":"contact","status":"publish","type":"page","link":"https:\/\/www.arelec.tn\/en\/contact\/","title":{"rendered":"Contact"},"content":{"rendered":"<div data-elementor-type=\"wp-page\" data-elementor-id=\"1877\" class=\"elementor elementor-1877\" data-elementor-settings=\"[]\">\n\t\t\t\t\t\t\t<div class=\"elementor-section-wrap\">\n\t\t\t\t\t\t\t<section class=\"elementor-section elementor-top-section elementor-element elementor-element-45015170 elementor-section-stretched elementor-section-boxed elementor-section-height-default elementor-section-height-default\" data-id=\"45015170\" data-element_type=\"section\" data-settings=\"{&quot;stretch_section&quot;:&quot;section-stretched&quot;}\">\n\t\t\t\t\t\t<div class=\"elementor-container elementor-column-gap-wide\">\n\t\t\t\t\t<div class=\"elementor-column elementor-col-33 elementor-top-column elementor-element elementor-element-6da14c78\" data-id=\"6da14c78\" data-element_type=\"column\">\n\t\t\t<div class=\"elementor-widget-wrap elementor-element-populated\">\n\t\t\t\t\t\t\t\t<div class=\"elementor-element elementor-element-6dbcc40f gyan-animation-box-sb gyan-small-infobox-align-center elementor-widget elementor-widget-gyan_small_info_box\" data-id=\"6dbcc40f\" data-element_type=\"widget\" data-widget_type=\"gyan_small_info_box.default\">\n\t\t\t\t<div class=\"elementor-widget-container\">\n\t\t\t\n\t\t<div class=\"gyan-small-info-box gyan-animation-box gyan-ease-transition\">\n\n\t\t\t\n\t\t\t\n\t\t\t\t<div class=\"gyan-small-infobox-icon-holder gyan-ease-transition\">\n\n\t\t\t\t\t\t\t\t\t\t\t<a href=\"https:\/\/www.google.com\/maps\/dir\/\/Arelec,+Tunesien\/@35.7913634,10.6582601,17z\/data=!4m9!4m8!1m0!1m5!1m1!1s0x1302752b0fc372eb:0x81bbfb4809bbf20c!2m2!1d10.6604488!2d35.7913634!3e0?hl=de\" class=\"gyan-small-infobox-link gyan-ease-transition\" target=\"_blank\"><\/a>\n\t\t\t\t\t\n\t\t\t\t\t\t\t\t\t\t\t<span class=\"gyan-small-infobox-icon gyan-icon gyan-ease-transition\"><i aria-hidden=\"true\" class=\"far fa-map\"><\/i><\/span>\n\t\t\t\t\t\n\t\t\t\t\t\n\t\t\t\t\t\n\t\t\t\t<\/div>\n\n\t\t\t\n\t\t\t\n\t\t\t\t<h4 class=\"gyan-small-infobox-title gyan-ease-transition\">\n\t\t\t\t\t\t\t\t\t\t\t<a href=\"https:\/\/www.google.com\/maps\/dir\/\/Arelec,+Tunesien\/@35.7913634,10.6582601,17z\/data=!4m9!4m8!1m0!1m5!1m1!1s0x1302752b0fc372eb:0x81bbfb4809bbf20c!2m2!1d10.6604488!2d35.7913634!3e0?hl=de\" class=\"gyan-small-infobox-link gyan-ease-transition\" target=\"_blank\">\n\t\t\t\t\t\t\t\t\t\tAdresse\t\t\t\t\t\t\t\t\t\t\t<\/a>\n\t\t\t\t\t\t\t\t\t<\/h4>\n\n\t\t\t\n\t\t\t\n\t\t\t\t<div class=\"gyan-small-infobox-subtitle gyan-ease-transition\">\n\t\t\t\t\t\t\t\t\t\t\t<a href=\"https:\/\/www.google.com\/maps\/dir\/\/Arelec,+Tunesien\/@35.7913634,10.6582601,17z\/data=!4m9!4m8!1m0!1m5!1m1!1s0x1302752b0fc372eb:0x81bbfb4809bbf20c!2m2!1d10.6604488!2d35.7913634!3e0?hl=de\" class=\"gyan-small-infobox-link gyan-ease-transition\" target=\"_blank\">\n\t\t\t\t\t\t\t\t\t\t1, Rue de la Technologie, ZI Sidi Abdelhamid \n4061, Sousse \t\t\t\t\t\t\t\t\t\t\t<\/a>\n\t\t\t\t\t\t\t\t\t<\/div>\n\n\t\t\t\n\t\t<\/div>\n\n\t\t\t<\/div>\n\t\t\t\t<\/div>\n\t\t\t\t\t<\/div>\n\t\t<\/div>\n\t\t\t\t<div class=\"elementor-column elementor-col-33 elementor-top-column elementor-element elementor-element-16868734\" data-id=\"16868734\" data-element_type=\"column\">\n\t\t\t<div class=\"elementor-widget-wrap elementor-element-populated\">\n\t\t\t\t\t\t\t\t<div class=\"elementor-element elementor-element-7f49bf47 gyan-animation-box-sb gyan-small-infobox-align-center elementor-widget elementor-widget-gyan_small_info_box\" data-id=\"7f49bf47\" data-element_type=\"widget\" data-widget_type=\"gyan_small_info_box.default\">\n\t\t\t\t<div class=\"elementor-widget-container\">\n\t\t\t\n\t\t<div class=\"gyan-small-info-box gyan-animation-box gyan-ease-transition\">\n\n\t\t\t\n\t\t\t\n\t\t\t\t<div class=\"gyan-small-infobox-icon-holder gyan-ease-transition\">\n\n\t\t\t\t\t\t\t\t\t\t\t<a href=\"tel:+216%2073322137\" class=\"gyan-small-infobox-link gyan-ease-transition\" target=\"_blank\"><\/a>\n\t\t\t\t\t\n\t\t\t\t\t\t\t\t\t\t\t<span class=\"gyan-small-infobox-icon gyan-icon gyan-ease-transition\"><i aria-hidden=\"true\" class=\"fas fa-phone-alt\"><\/i><\/span>\n\t\t\t\t\t\n\t\t\t\t\t\n\t\t\t\t\t\n\t\t\t\t<\/div>\n\n\t\t\t\n\t\t\t\n\t\t\t\t<h4 class=\"gyan-small-infobox-title gyan-ease-transition\">\n\t\t\t\t\t\t\t\t\t\t\t<a href=\"tel:+216%2073322137\" class=\"gyan-small-infobox-link gyan-ease-transition\" target=\"_blank\">\n\t\t\t\t\t\t\t\t\t\tT\u00e9l\u00e9phone \/ Fax\t\t\t\t\t\t\t\t\t\t\t<\/a>\n\t\t\t\t\t\t\t\t\t<\/h4>\n\n\t\t\t\n\t\t\t\n\t\t\t\t<div class=\"gyan-small-infobox-subtitle gyan-ease-transition\">\n\t\t\t\t\t\t\t\t\t\t\t<a href=\"tel:+216%2073322137\" class=\"gyan-small-infobox-link gyan-ease-transition\" target=\"_blank\">\n\t\t\t\t\t\t\t\t\t\tMobile: +216 98452093 <br>\nTel:   +216 73322723<br\/>\nFax: +216 73322137\n\t\t\t\t\t\t\t\t\t\t\t<\/a>\n\t\t\t\t\t\t\t\t\t<\/div>\n\n\t\t\t\n\t\t<\/div>\n\n\t\t\t<\/div>\n\t\t\t\t<\/div>\n\t\t\t\t\t<\/div>\n\t\t<\/div>\n\t\t\t\t<div class=\"elementor-column elementor-col-33 elementor-top-column elementor-element elementor-element-7f0ca75e\" data-id=\"7f0ca75e\" data-element_type=\"column\">\n\t\t\t<div class=\"elementor-widget-wrap elementor-element-populated\">\n\t\t\t\t\t\t\t\t<div class=\"elementor-element elementor-element-4c427083 gyan-animation-box-sb gyan-small-infobox-align-center elementor-widget elementor-widget-gyan_small_info_box\" data-id=\"4c427083\" data-element_type=\"widget\" data-widget_type=\"gyan_small_info_box.default\">\n\t\t\t\t<div class=\"elementor-widget-container\">\n\t\t\t\n\t\t<div class=\"gyan-small-info-box gyan-animation-box gyan-ease-transition\">\n\n\t\t\t\n\t\t\t\n\t\t\t\t<div class=\"gyan-small-infobox-icon-holder gyan-ease-transition\">\n\n\t\t\t\t\t\t\t\t\t\t\t<a href=\"mailto:Info@arelec.tn\" class=\"gyan-small-infobox-link gyan-ease-transition\" target=\"_blank\"><\/a>\n\t\t\t\t\t\n\t\t\t\t\t\t\t\t\t\t\t<span class=\"gyan-small-infobox-icon gyan-icon gyan-ease-transition\"><i aria-hidden=\"true\" class=\"far fa-envelope-open\"><\/i><\/span>\n\t\t\t\t\t\n\t\t\t\t\t\n\t\t\t\t\t\n\t\t\t\t<\/div>\n\n\t\t\t\n\t\t\t\n\t\t\t\t<h4 class=\"gyan-small-infobox-title gyan-ease-transition\">\n\t\t\t\t\t\t\t\t\t\t\t<a href=\"mailto:Info@arelec.tn\" class=\"gyan-small-infobox-link gyan-ease-transition\" target=\"_blank\">\n\t\t\t\t\t\t\t\t\t\tE-mail \t\t\t\t\t\t\t\t\t\t\t<\/a>\n\t\t\t\t\t\t\t\t\t<\/h4>\n\n\t\t\t\n\t\t\t\n\t\t\t\t<div class=\"gyan-small-infobox-subtitle gyan-ease-transition\">\n\t\t\t\t\t\t\t\t\t\t\t<a href=\"mailto:Info@arelec.tn\" class=\"gyan-small-infobox-link gyan-ease-transition\" target=\"_blank\">\n\t\t\t\t\t\t\t\t\t\tInfo@arelec.tn<br\/>\n\t\t\t\t\t\t\t\t\t\t\t<\/a>\n\t\t\t\t\t\t\t\t\t<\/div>\n\n\t\t\t\n\t\t<\/div>\n\n\t\t\t<\/div>\n\t\t\t\t<\/div>\n\t\t\t\t\t<\/div>\n\t\t<\/div>\n\t\t\t\t\t\t\t<\/div>\n\t\t<\/section>\n\t\t\t\t<section class=\"elementor-section elementor-top-section elementor-element elementor-element-2f8ddf0f elementor-section-stretched elementor-section-boxed elementor-section-height-default elementor-section-height-default\" data-id=\"2f8ddf0f\" data-element_type=\"section\" data-settings=\"{&quot;stretch_section&quot;:&quot;section-stretched&quot;,&quot;background_background&quot;:&quot;classic&quot;}\">\n\t\t\t\t\t\t\t<div class=\"elementor-background-overlay\"><\/div>\n\t\t\t\t\t\t\t<div class=\"elementor-container elementor-column-gap-no\">\n\t\t\t\t\t<div class=\"elementor-column elementor-col-100 elementor-top-column elementor-element elementor-element-72e07b29\" data-id=\"72e07b29\" data-element_type=\"column\">\n\t\t\t<div class=\"elementor-widget-wrap elementor-element-populated\">\n\t\t\t\t\t\t\t\t<section class=\"elementor-section elementor-inner-section elementor-element elementor-element-1a28ad75 elementor-section-boxed elementor-section-height-default elementor-section-height-default\" data-id=\"1a28ad75\" data-element_type=\"section\">\n\t\t\t\t\t\t<div class=\"elementor-container elementor-column-gap-default\">\n\t\t\t\t\t<div class=\"elementor-column elementor-col-100 elementor-inner-column elementor-element elementor-element-349a8448\" data-id=\"349a8448\" data-element_type=\"column\">\n\t\t\t<div class=\"elementor-widget-wrap elementor-element-populated\">\n\t\t\t\t\t\t\t\t<div class=\"elementor-element elementor-element-462fe8fa gyan-title-st-line-both-side elementor-widget elementor-widget-gyan_title\" data-id=\"462fe8fa\" data-element_type=\"widget\" data-widget_type=\"gyan_title.default\">\n\t\t\t\t<div class=\"elementor-widget-container\">\n\t\t\t\t\t<div class=\"gyan-title\">\r\n\t\t\t<h2 class=\"gyan-title-heading\">Contactez Arelec<\/h2><div class=\"gyan-title-subtitle\"><span>Les professionnels de la maintenance industrielle en Tunisie<\/span><\/div>\t\t<\/div>\r\n\t\t\t\t<\/div>\n\t\t\t\t<\/div>\n\t\t\t\t<div class=\"elementor-element elementor-element-3cb3ed53 gyan-cf7-button-center gyan-cf7-style-box gyan-cf7-highlight-style-default elementor-widget elementor-widget-gyan_contact_form_styler\" data-id=\"3cb3ed53\" data-element_type=\"widget\" data-widget_type=\"gyan_contact_form_styler.default\">\n\t\t\t\t<div class=\"elementor-widget-container\">\n\t\t\t\t\t\t\t<div class = \"gyan-cf7-container\">\n\t\t\t\t\t\t<div class = \"gyan-cf7 gyan-cf7-style elementor-clickable\">\n\t\t\t\t\t\t<div role=\"form\" class=\"wpcf7\" id=\"wpcf7-f175-o1\" lang=\"en-US\" dir=\"ltr\">\n<div class=\"screen-reader-response\"><p role=\"status\" aria-live=\"polite\" aria-atomic=\"true\"><\/p> <ul><\/ul><\/div>\n<form action=\"\/en\/wp-json\/wp\/v2\/pages\/1877#wpcf7-f175-o1\" method=\"post\" class=\"wpcf7-form init\" novalidate=\"novalidate\" data-status=\"init\" data-trp-original-action=\"\/en\/wp-json\/wp\/v2\/pages\/1877#wpcf7-f175-o1\">\n<div style=\"display: none;\">\n<input type=\"hidden\" name=\"_wpcf7\" value=\"175\" \/>\n<input type=\"hidden\" name=\"_wpcf7_version\" value=\"5.3.2\" \/>\n<input type=\"hidden\" name=\"_wpcf7_locale\" value=\"en_US\" \/>\n<input type=\"hidden\" name=\"_wpcf7_unit_tag\" value=\"wpcf7-f175-o1\" \/>\n<input type=\"hidden\" name=\"_wpcf7_container_post\" value=\"0\" \/>\n<input type=\"hidden\" name=\"_wpcf7_posted_data_hash\" value=\"\" \/>\n<\/div>\n<div class=\"swm-row\" style=\"margin:0 -20px;\">\n<div class=\"swm-column swm-column2 swm-no-gap-row\">\n<div class=\"swm-column-gap\" style=\"padding:0 20px;\"><span class=\"gyan-cf7-icon icon-right\"><i class=\"far fa-user\"><\/i><span class=\"wpcf7-form-control-wrap your-name\"><input type=\"text\" name=\"your-name\" value=\"\" size=\"40\" class=\"wpcf7-form-control wpcf7-text wpcf7-validates-as-required\" aria-required=\"true\" aria-invalid=\"false\" placeholder=\"Nom\/soci\u00e9t\u00e9:\" \/><\/span><\/span><\/div>\n<\/div>\n<div class=\"swm-column swm-column2 swm-no-gap-row\">\n<div class=\"swm-column-gap\" style=\"padding:0 20px;\"><span class=\"gyan-cf7-icon icon-right\"><i class=\"far fa-envelope-open\"><\/i><span class=\"wpcf7-form-control-wrap your-email\"><input type=\"email\" name=\"your-email\" value=\"\" size=\"40\" class=\"wpcf7-form-control wpcf7-text wpcf7-email wpcf7-validates-as-required wpcf7-validates-as-email\" aria-required=\"true\" aria-invalid=\"false\" placeholder=\"Adresse E-Mail:\" \/><\/span><\/span><\/div>\n<\/div>\n<\/div>\n<div class=\"swm-row\" style=\"margin:0 -20px;\">\n<div class=\"swm-column swm-column2 swm-no-gap-row\">\n<div class=\"swm-column-gap\" style=\"padding:0 20px;\"><span class=\"gyan-cf7-icon icon-right\"><i class=\"fab fa-whatsapp\"><\/i><span class=\"wpcf7-form-control-wrap your-phone\"><input type=\"text\" name=\"your-phone\" value=\"\" size=\"40\" class=\"wpcf7-form-control wpcf7-text\" aria-invalid=\"false\" placeholder=\"Num\u00e9ro de T\u00e9l\u00e9phone:\" \/><\/span><\/span><\/div>\n<\/div>\n<div class=\"swm-column swm-column2 swm-no-gap-row\">\n<div class=\"swm-column-gap\" style=\"padding:0 20px;\"><span class=\"gyan-cf7-icon icon-right\"><i class=\"far fa-edit\"><\/i><span class=\"wpcf7-form-control-wrap your-subject\"><input type=\"text\" name=\"your-subject\" value=\"\" size=\"40\" class=\"wpcf7-form-control wpcf7-text\" aria-invalid=\"false\" placeholder=\"Objet:\" \/><\/span><\/span><\/div>\n<\/div>\n<\/div>\n<div><span class=\"gyan-cf7-icon icon-right\"><i class=\"far fa-comment-dots\"><\/i><span class=\"wpcf7-form-control-wrap your-message\"><textarea name=\"your-message\" cols=\"40\" rows=\"10\" class=\"wpcf7-form-control wpcf7-textarea\" aria-invalid=\"false\" placeholder=\"D\u00e9crivez votre message:\"><\/textarea><\/span><\/span><\/div>\n<p><input type=\"submit\" value=\"Envoyer\" class=\"wpcf7-form-control wpcf7-submit\" \/><\/p>\n<div class=\"wpcf7-response-output\" aria-hidden=\"true\"><\/div><input type=\"hidden\" name=\"trp-form-language\" value=\"en\"\/><\/form><\/div>\t\t\t\t\t<\/div>\n\t\t\t\t<\/div>\n\t\t\t\t\t\t<\/div>\n\t\t\t\t<\/div>\n\t\t\t\t\t<\/div>\n\t\t<\/div>\n\t\t\t\t\t\t\t<\/div>\n\t\t<\/section>\n\t\t\t\t\t<\/div>\n\t\t<\/div>\n\t\t\t\t\t\t\t<\/div>\n\t\t<\/section>\n\t\t\t\t<section class=\"elementor-section elementor-top-section elementor-element elementor-element-a367f16 elementor-section-boxed elementor-section-height-default elementor-section-height-default\" data-id=\"a367f16\" data-element_type=\"section\">\n\t\t\t\t\t\t<div class=\"elementor-container elementor-column-gap-default\">\n\t\t\t\t\t<div class=\"elementor-column elementor-col-100 elementor-top-column elementor-element elementor-element-b0ea947\" data-id=\"b0ea947\" data-element_type=\"column\">\n\t\t\t<div class=\"elementor-widget-wrap elementor-element-populated\">\n\t\t\t\t\t\t\t\t<div class=\"elementor-element elementor-element-59bdb60 elementor-widget-divider--view-line elementor-widget elementor-widget-divider\" data-id=\"59bdb60\" data-element_type=\"widget\" data-widget_type=\"divider.default\">\n\t\t\t\t<div class=\"elementor-widget-container\">\n\t\t\t\t\t<div class=\"elementor-divider\">\n\t\t\t<span class=\"elementor-divider-separator\">\n\t\t\t\t\t\t<\/span>\n\t\t<\/div>\n\t\t\t\t<\/div>\n\t\t\t\t<\/div>\n\t\t\t\t<div class=\"elementor-element elementor-element-c08ce13 elementor-widget elementor-widget-google_maps\" data-id=\"c08ce13\" data-element_type=\"widget\" data-widget_type=\"google_maps.default\">\n\t\t\t\t<div class=\"elementor-widget-container\">\n\t\t\t<div class=\"elementor-custom-embed\"><iframe frameborder=\"0\" scrolling=\"no\" marginheight=\"0\" marginwidth=\"0\" src=\"https:\/\/maps.google.com\/maps?q=ARELEC%20SARL%20-%20SOCI%C3%89T%C3%89%20ARMOIRES%20%C3%89LECTRIQUES%20DU%20CENTRE%2C%20Rue%20de%20la%20Technologie%D8%8C%20Sousse%204061%2C%20Tunesien&amp;t=m&amp;z=7&amp;output=embed&amp;iwloc=near\" title=\"ARELEC SARL - SOCI\u00c9T\u00c9 ARMOIRES \u00c9LECTRIQUES DU CENTRE, Rue de la Technologie\u060c Sousse 4061, Tunesien\" aria-label=\"ARELEC SARL - SOCI\u00c9T\u00c9 ARMOIRES \u00c9LECTRIQUES DU CENTRE, Rue de la Technologie\u060c Sousse 4061, Tunesien\"><\/iframe><\/div>\t\t<\/div>\n\t\t\t\t<\/div>\n\t\t\t\t\t<\/div>\n\t\t<\/div>\n\t\t\t\t\t\t\t<\/div>\n\t\t<\/section>\n\t\t\t\t<section class=\"elementor-section elementor-top-section elementor-element elementor-element-80cb6ff elementor-section-boxed elementor-section-height-default elementor-section-height-default\" data-id=\"80cb6ff\" data-element_type=\"section\">\n\t\t\t\t\t\t<div class=\"elementor-container elementor-column-gap-default\">\n\t\t\t\t\t<div class=\"elementor-column elementor-col-100 elementor-top-column elementor-element elementor-element-9b7462a\" data-id=\"9b7462a\" data-element_type=\"column\">\n\t\t\t<div class=\"elementor-widget-wrap elementor-element-populated\">\n\t\t\t\t\t\t\t\t<div class=\"elementor-element elementor-element-f562ef3 elementor-widget elementor-widget-spacer\" data-id=\"f562ef3\" data-element_type=\"widget\" data-widget_type=\"spacer.default\">\n\t\t\t\t<div class=\"elementor-widget-container\">\n\t\t\t\t\t<div class=\"elementor-spacer\">\n\t\t\t<div class=\"elementor-spacer-inner\"><\/div>\n\t\t<\/div>\n\t\t\t\t<\/div>\n\t\t\t\t<\/div>\n\t\t\t\t<div class=\"elementor-element elementor-element-741c605 elementor-widget elementor-widget-heading\" data-id=\"741c605\" data-element_type=\"widget\" data-widget_type=\"heading.default\">\n\t\t\t\t<div class=\"elementor-widget-container\">\n\t\t\t<h2 class=\"elementor-heading-title elementor-size-default\">Suivez Arelec sur les R\u00e9seaux sociaux!<\/h2>\t\t<\/div>\n\t\t\t\t<\/div>\n\t\t\t\t<div class=\"elementor-element elementor-element-1a31a04 elementor-shape-rounded elementor-grid-0 e-grid-align-center elementor-widget elementor-widget-social-icons\" data-id=\"1a31a04\" data-element_type=\"widget\" data-widget_type=\"social-icons.default\">\n\t\t\t\t<div class=\"elementor-widget-container\">\n\t\t\t\t\t<div class=\"elementor-social-icons-wrapper elementor-grid\">\n\t\t\t\t\t\t\t<div class=\"elementor-grid-item\">\n\t\t\t\t\t<a class=\"elementor-icon elementor-social-icon elementor-social-icon-facebook elementor-repeater-item-5d85016\" target=\"_blank\">\n\t\t\t\t\t\t<span class=\"elementor-screen-only\">Facebook<\/span>\n\t\t\t\t\t\t<i class=\"fab fa-facebook\"><\/i>\t\t\t\t\t<\/a>\n\t\t\t\t<\/div>\n\t\t\t\t\t\t\t<div class=\"elementor-grid-item\">\n\t\t\t\t\t<a class=\"elementor-icon elementor-social-icon elementor-social-icon-twitter elementor-repeater-item-2d71564\" target=\"_blank\">\n\t\t\t\t\t\t<span class=\"elementor-screen-only\">Twitter<\/span>\n\t\t\t\t\t\t<i class=\"fab fa-twitter\"><\/i>\t\t\t\t\t<\/a>\n\t\t\t\t<\/div>\n\t\t\t\t\t\t\t<div class=\"elementor-grid-item\">\n\t\t\t\t\t<a class=\"elementor-icon elementor-social-icon elementor-social-icon-youtube elementor-repeater-item-a8bfa04\" target=\"_blank\">\n\t\t\t\t\t\t<span class=\"elementor-screen-only\">Youtube<\/span>\n\t\t\t\t\t\t<i class=\"fab fa-youtube\"><\/i>\t\t\t\t\t<\/a>\n\t\t\t\t<\/div>\n\t\t\t\t\t<\/div>\n\t\t\t\t<\/div>\n\t\t\t\t<\/div>\n\t\t\t\t<div class=\"elementor-element elementor-element-2786c1b elementor-widget elementor-widget-spacer\" data-id=\"2786c1b\" data-element_type=\"widget\" data-widget_type=\"spacer.default\">\n\t\t\t\t<div class=\"elementor-widget-container\">\n\t\t\t\t\t<div class=\"elementor-spacer\">\n\t\t\t<div class=\"elementor-spacer-inner\"><\/div>\n\t\t<\/div>\n\t\t\t\t<\/div>\n\t\t\t\t<\/div>\n\t\t\t\t\t<\/div>\n\t\t<\/div>\n\t\t\t\t\t\t\t<\/div>\n\t\t<\/section>\n\t\t\t\t\t\t<\/div>\n\t\t\t\t\t<\/div>","protected":false},"excerpt":{"rendered":"<p>Adresse 1, Rue de la Technologie, ZI Sidi Abdelhamid 4061, Sousse T\u00e9l\u00e9phone \/ Fax Mobile: +216 98452093 Tel: +216 73322723 Fax: +216 73322137 E-mail Info@arelec.tn Contactez Arelec Les professionnels de la maintenance industrielle en Tunisie Suivez Arelec sur les R\u00e9seaux sociaux! Facebook Twitter Youtube<\/p>","protected":false},"author":1,"featured_media":0,"parent":0,"menu_order":0,"comment_status":"closed","ping_status":"closed","template":"elementor_header_footer","meta":[],"_links":{"self":[{"href":"https:\/\/www.arelec.tn\/en\/wp-json\/wp\/v2\/pages\/1877"}],"collection":[{"href":"https:\/\/www.arelec.tn\/en\/wp-json\/wp\/v2\/pages"}],"about":[{"href":"https:\/\/www.arelec.tn\/en\/wp-json\/wp\/v2\/types\/page"}],"author":[{"embeddable":true,"href":"https:\/\/www.arelec.tn\/en\/wp-json\/wp\/v2\/users\/1"}],"replies":[{"embeddable":true,"href":"https:\/\/www.arelec.tn\/en\/wp-json\/wp\/v2\/comments?post=1877"}],"version-history":[{"count":76,"href":"https:\/\/www.arelec.tn\/en\/wp-json\/wp\/v2\/pages\/1877\/revisions"}],"predecessor-version":[{"id":2648,"href":"https:\/\/www.arelec.tn\/en\/wp-json\/wp\/v2\/pages\/1877\/revisions\/2648"}],"wp:attachment":[{"href":"https:\/\/www.arelec.tn\/en\/wp-json\/wp\/v2\/media?parent=1877"}],"curies":[{"name":"wp","href":"https:\/\/api.w.org\/{rel}","templated":true}]}}